{"id":1628,"date":"2015-05-04T14:45:22","date_gmt":"2015-05-04T14:45:22","guid":{"rendered":"http:\/\/www.pflb.fr\/?page_id=1628"},"modified":"2019-03-28T15:08:21","modified_gmt":"2019-03-28T14:08:21","slug":"who-we-are","status":"publish","type":"page","link":"https:\/\/www.pflb.fr\/en\/who-we-are\/","title":{"rendered":"Who we are"},"content":{"rendered":"<div class=\"wpb-content-wrapper\"><p>[vc_row][vc_column 0=&#8221;&#8221;]<div class=\"columns_wrap sc_columns columns_nofluid sc_columns_count_3\" style=\"margin-top:1em;\" data-animation=\"animated fadeInUp normal\"><div class=\"column-1_3 sc_column_item sc_column_item_1 odd first\"><figure class=\"sc_image  sc_image_shape_square\"><div style=\"padding: 0.4em; padding-bottom: 0;\"><img decoding=\"async\" data-src=\"https:\/\/www.pflb.fr\/wp-content\/uploads\/2015\/05\/Ange.jpg\" alt=\"\" src=\"data:image\/gif;base64,R0lGODlhAQABAAAAACH5BAEKAAEALAAAAAABAAEAAAICTAEAOw==\" class=\"lazyload\" style=\"--smush-placeholder-width: 1000px; --smush-placeholder-aspect-ratio: 1000\/667;\" \/><noscript><img decoding=\"async\" src=\"https:\/\/www.pflb.fr\/wp-content\/uploads\/2015\/05\/Ange.jpg\" alt=\"\" \/><\/noscript><\/div><\/figure>[vc_column_text]Pompes Fun\u00e8bres de Limeil-Br\u00e9vannes offers all the services you need when organising a funeral.[\/vc_column_text]<ul class=\"sc_list boxed_icon sc_list_style_iconed\"><li class=\"sc_list_item odd first\" title=\"Funerals\"><span class=\"sc_list_icon icon-calendar\"><\/span>[vc_column_text]Funerals[\/vc_column_text]<\/li><li class=\"sc_list_item even\" title=\"Memorial Masonry\"><span class=\"sc_list_icon icon-cubes\"><\/span>[vc_column_text]Memorial Masonry[\/vc_column_text]<\/li><li class=\"sc_list_item odd\" title=\"Plaques and ornaments\"><span class=\"sc_list_icon icon-star-2\"><\/span>[vc_column_text]Ornaments[\/vc_column_text]<\/li><li class=\"sc_list_item even\" title=\"Flowers\"><span class=\"sc_list_icon icon-magnifier\"><\/span>[vc_column_text]Flowers[\/vc_column_text]<\/li><li class=\"sc_list_item odd\" title=\"Pre-paid Funeral plans\"><span class=\"sc_list_icon icon-paper_pen\"><\/span>[vc_column_text]Pre-paid Funeral plans[\/vc_column_text]<\/li><\/ul><\/div><div class=\"column-2_3 sc_column_item sc_column_item_2 even span_2\"><h2 class=\"sc_title sc_title_regular \" style=\"margin-top:0px;\">Pompes Fun\u00e8bres de Limeil-Br\u00e9vannes<\/h2>[vc_column_text]<span lang=\"EN-GB\">Guillaume de Castellan, Director of Pompes Fun\u00e8bres de Limeil-Br\u00e9vannes, has been arranging funerals for fifteen years. His priority is to ensure that you have the support you need at this difficult time, and he is committed to putting his skills and experience to work for you throughout the various phases of the funeral process.<\/span><\/p>\n<p>In our eyes, supporting you means:<\/p>\n<ul>\n<li>Acting as a point of contact, aiding you in the organisation and running of the funeral, and offering you useful advice as you make the various decisions about the funeral: whether to opt for a burial or a cremation, a civil or a religious ceremony, the type of burial you require and your choice of monument.<\/li>\n<li>Explaining the different types of funeral services, in detail if required, so that you can tailor the ceremony to the wishes of the deceased, within the bounds of your cost constraints.<\/li>\n<li>Organising a personalised civil or religious ceremony by outlining the sequence of events, including the people involved, the texts, the music and the condolence book.<\/li>\n<li>Producing all the documents required\u00a0<strong>in advance of the funeral<\/strong>(death registration, burial\/cremation funeral authorisations, body transportation authorisation, police presence request, local council order for the repatriation of the body, etc.) as well as the death announcement cards, thank-you cards and press notices.<\/li>\n<li>completed <strong>after the funeral<\/strong>(pension fund, utility companies, insurance companies, etc.).<\/li>\n<\/ul>\n<p>&nbsp;<\/p>\n<p><span lang=\"EN-GB\">Our offices are located in the centre of Limeil-Br\u00e9vannes, near <\/span><a href=\"http:\/\/chu-mondor.aphp.fr\/emileroux\/\" target=\"_blank\" rel=\"noopener noreferrer\">Emile Roux\u00a0hospital<\/a>,\u00a0 <a href=\"http:\/\/paroisses-belvedere94.fr\/paroisses\/limeil\/\" target=\"_blank\" rel=\"noopener noreferrer\"><u><span lang=\"EN-GB\">Sainte-Madeleine\u2019s church<\/span><\/u><\/a>\u00a0and the <a href=\"http:\/\/www.limeil-brevannes.fr\" target=\"_blank\" rel=\"noopener noreferrer\">town hall<\/a>.<\/p>\n<p><span lang=\"EN-GB\">We work mainly in the towns of Val-de-Marne (94) and Seine-et-Marne (77): Boissy-Saint-L\u00e9ger, Sucy-en-Brie, Marolles-en-Brie, Villecresnes, Valenton, Villeneuve-Saint-Georges, Bonneuil-sur-Marne, Cr\u00e9teil, Yerres, Crosnes, Fontainebleau, Avon, Samois-sur-Seine, Bois-le-Roi, Samoreau, etc.<\/span>[\/vc_column_text]<\/div><\/div>[\/vc_column][\/vc_row]<\/p>\n<\/div>","protected":false},"excerpt":{"rendered":"<p>[vc_row][vc_column 0=&#8221;&#8221;][\/vc_column][\/vc_row]<\/p>\n","protected":false},"author":1,"featured_media":0,"parent":0,"menu_order":0,"comment_status":"open","ping_status":"open","template":"","meta":{"_exactmetrics_skip_tracking":false,"_exactmetrics_sitenote_active":false,"_exactmetrics_sitenote_note":"","_exactmetrics_sitenote_category":0,"footnotes":""},"yoast_head":"<!-- This site is optimized with the Yoast SEO plugin v23.5 - https:\/\/yoast.com\/wordpress\/plugins\/seo\/ -->\n<title>Who we are - Pompes Fun\u00e8bres de Limeil-Br\u00e9vannes<\/title>\n<meta name=\"description\" content=\"Les Pompes Fun\u00e8bres de Limeil Br\u00e9vannes proposent tous les services li\u00e9s \u00e0 l&#039;organisation des fun\u00e9railles : Obs\u00e8ques, Marbrerie, Pr\u00e9voyance, Plaques &amp; Ornements, Fleurs\" \/>\n<meta name=\"robots\" content=\"index, follow, max-snippet:-1, max-image-preview:large, max-video-preview:-1\" \/>\n<link rel=\"canonical\" href=\"https:\/\/www.pflb.fr\/en\/who-we-are\/\" \/>\n<meta property=\"og:locale\" content=\"en_US\" \/>\n<meta property=\"og:type\" content=\"article\" \/>\n<meta property=\"og:title\" content=\"Who we are - Pompes Fun\u00e8bres de Limeil-Br\u00e9vannes\" \/>\n<meta property=\"og:description\" content=\"Les Pompes Fun\u00e8bres de Limeil Br\u00e9vannes proposent tous les services li\u00e9s \u00e0 l&#039;organisation des fun\u00e9railles : Obs\u00e8ques, Marbrerie, Pr\u00e9voyance, Plaques &amp; Ornements, Fleurs\" \/>\n<meta property=\"og:url\" content=\"https:\/\/www.pflb.fr\/en\/who-we-are\/\" \/>\n<meta property=\"og:site_name\" content=\"Pompes Fun\u00e8bres de Limeil-Br\u00e9vannes\" \/>\n<meta property=\"article:modified_time\" content=\"2019-03-28T14:08:21+00:00\" \/>\n<meta property=\"og:image\" content=\"https:\/\/www.pflb.fr\/wp-content\/uploads\/2023\/03\/PFLB-logo-Bordo_favicon.png\" \/>\n\t<meta property=\"og:image:width\" content=\"512\" \/>\n\t<meta property=\"og:image:height\" content=\"512\" \/>\n\t<meta property=\"og:image:type\" content=\"image\/png\" \/>\n<meta name=\"twitter:card\" content=\"summary_large_image\" \/>\n<meta name=\"twitter:label1\" content=\"Est. reading time\" \/>\n\t<meta name=\"twitter:data1\" content=\"2 minutes\" \/>\n<script type=\"application\/ld+json\" class=\"yoast-schema-graph\">{\"@context\":\"https:\/\/schema.org\",\"@graph\":[{\"@type\":\"WebPage\",\"@id\":\"https:\/\/www.pflb.fr\/en\/who-we-are\/\",\"url\":\"https:\/\/www.pflb.fr\/en\/who-we-are\/\",\"name\":\"Who we are - Pompes Fun\u00e8bres de Limeil-Br\u00e9vannes\",\"isPartOf\":{\"@id\":\"https:\/\/www.pflb.fr\/#website\"},\"datePublished\":\"2015-05-04T14:45:22+00:00\",\"dateModified\":\"2019-03-28T14:08:21+00:00\",\"description\":\"Les Pompes Fun\u00e8bres de Limeil Br\u00e9vannes proposent tous les services li\u00e9s \u00e0 l'organisation des fun\u00e9railles : Obs\u00e8ques, Marbrerie, Pr\u00e9voyance, Plaques & Ornements, Fleurs\",\"breadcrumb\":{\"@id\":\"https:\/\/www.pflb.fr\/en\/who-we-are\/#breadcrumb\"},\"inLanguage\":\"en-US\",\"potentialAction\":[{\"@type\":\"ReadAction\",\"target\":[\"https:\/\/www.pflb.fr\/en\/who-we-are\/\"]}]},{\"@type\":\"BreadcrumbList\",\"@id\":\"https:\/\/www.pflb.fr\/en\/who-we-are\/#breadcrumb\",\"itemListElement\":[{\"@type\":\"ListItem\",\"position\":1,\"name\":\"Accueil\",\"item\":\"https:\/\/www.pflb.fr\/en\/\"},{\"@type\":\"ListItem\",\"position\":2,\"name\":\"Who we are\"}]},{\"@type\":\"WebSite\",\"@id\":\"https:\/\/www.pflb.fr\/#website\",\"url\":\"https:\/\/www.pflb.fr\/\",\"name\":\"Pompes Fun\u00e8bres de Limeil\",\"description\":\"Supportive and professional funeral services\",\"publisher\":{\"@id\":\"https:\/\/www.pflb.fr\/#organization\"},\"alternateName\":\"PFLB\",\"potentialAction\":[{\"@type\":\"SearchAction\",\"target\":{\"@type\":\"EntryPoint\",\"urlTemplate\":\"https:\/\/www.pflb.fr\/?s={search_term_string}\"},\"query-input\":{\"@type\":\"PropertyValueSpecification\",\"valueRequired\":true,\"valueName\":\"search_term_string\"}}],\"inLanguage\":\"en-US\"},{\"@type\":\"Organization\",\"@id\":\"https:\/\/www.pflb.fr\/#organization\",\"name\":\"Pompes fun\u00e8bres de Limeil\",\"url\":\"https:\/\/www.pflb.fr\/\",\"logo\":{\"@type\":\"ImageObject\",\"inLanguage\":\"en-US\",\"@id\":\"https:\/\/www.pflb.fr\/#\/schema\/logo\/image\/\",\"url\":\"https:\/\/www.pflb.fr\/wp-content\/uploads\/2022\/06\/cropped-PFLB-logo-Bordo-e1658999325101.png\",\"contentUrl\":\"https:\/\/www.pflb.fr\/wp-content\/uploads\/2022\/06\/cropped-PFLB-logo-Bordo-e1658999325101.png\",\"width\":512,\"height\":512,\"caption\":\"Pompes fun\u00e8bres de Limeil\"},\"image\":{\"@id\":\"https:\/\/www.pflb.fr\/#\/schema\/logo\/image\/\"}}]}<\/script>\n<!-- \/ Yoast SEO plugin. -->","yoast_head_json":{"title":"Who we are - Pompes Fun\u00e8bres de Limeil-Br\u00e9vannes","description":"Les Pompes Fun\u00e8bres de Limeil Br\u00e9vannes proposent tous les services li\u00e9s \u00e0 l'organisation des fun\u00e9railles : Obs\u00e8ques, Marbrerie, Pr\u00e9voyance, Plaques & Ornements, Fleurs","robots":{"index":"index","follow":"follow","max-snippet":"max-snippet:-1","max-image-preview":"max-image-preview:large","max-video-preview":"max-video-preview:-1"},"canonical":"https:\/\/www.pflb.fr\/en\/who-we-are\/","og_locale":"en_US","og_type":"article","og_title":"Who we are - Pompes Fun\u00e8bres de Limeil-Br\u00e9vannes","og_description":"Les Pompes Fun\u00e8bres de Limeil Br\u00e9vannes proposent tous les services li\u00e9s \u00e0 l'organisation des fun\u00e9railles : Obs\u00e8ques, Marbrerie, Pr\u00e9voyance, Plaques & Ornements, Fleurs","og_url":"https:\/\/www.pflb.fr\/en\/who-we-are\/","og_site_name":"Pompes Fun\u00e8bres de Limeil-Br\u00e9vannes","article_modified_time":"2019-03-28T14:08:21+00:00","og_image":[{"width":512,"height":512,"url":"https:\/\/www.pflb.fr\/wp-content\/uploads\/2023\/03\/PFLB-logo-Bordo_favicon.png","type":"image\/png"}],"twitter_card":"summary_large_image","twitter_misc":{"Est. reading time":"2 minutes"},"schema":{"@context":"https:\/\/schema.org","@graph":[{"@type":"WebPage","@id":"https:\/\/www.pflb.fr\/en\/who-we-are\/","url":"https:\/\/www.pflb.fr\/en\/who-we-are\/","name":"Who we are - Pompes Fun\u00e8bres de Limeil-Br\u00e9vannes","isPartOf":{"@id":"https:\/\/www.pflb.fr\/#website"},"datePublished":"2015-05-04T14:45:22+00:00","dateModified":"2019-03-28T14:08:21+00:00","description":"Les Pompes Fun\u00e8bres de Limeil Br\u00e9vannes proposent tous les services li\u00e9s \u00e0 l'organisation des fun\u00e9railles : Obs\u00e8ques, Marbrerie, Pr\u00e9voyance, Plaques & Ornements, Fleurs","breadcrumb":{"@id":"https:\/\/www.pflb.fr\/en\/who-we-are\/#breadcrumb"},"inLanguage":"en-US","potentialAction":[{"@type":"ReadAction","target":["https:\/\/www.pflb.fr\/en\/who-we-are\/"]}]},{"@type":"BreadcrumbList","@id":"https:\/\/www.pflb.fr\/en\/who-we-are\/#breadcrumb","itemListElement":[{"@type":"ListItem","position":1,"name":"Accueil","item":"https:\/\/www.pflb.fr\/en\/"},{"@type":"ListItem","position":2,"name":"Who we are"}]},{"@type":"WebSite","@id":"https:\/\/www.pflb.fr\/#website","url":"https:\/\/www.pflb.fr\/","name":"Pompes Fun\u00e8bres de Limeil","description":"Supportive and professional funeral services","publisher":{"@id":"https:\/\/www.pflb.fr\/#organization"},"alternateName":"PFLB","potentialAction":[{"@type":"SearchAction","target":{"@type":"EntryPoint","urlTemplate":"https:\/\/www.pflb.fr\/?s={search_term_string}"},"query-input":{"@type":"PropertyValueSpecification","valueRequired":true,"valueName":"search_term_string"}}],"inLanguage":"en-US"},{"@type":"Organization","@id":"https:\/\/www.pflb.fr\/#organization","name":"Pompes fun\u00e8bres de Limeil","url":"https:\/\/www.pflb.fr\/","logo":{"@type":"ImageObject","inLanguage":"en-US","@id":"https:\/\/www.pflb.fr\/#\/schema\/logo\/image\/","url":"https:\/\/www.pflb.fr\/wp-content\/uploads\/2022\/06\/cropped-PFLB-logo-Bordo-e1658999325101.png","contentUrl":"https:\/\/www.pflb.fr\/wp-content\/uploads\/2022\/06\/cropped-PFLB-logo-Bordo-e1658999325101.png","width":512,"height":512,"caption":"Pompes fun\u00e8bres de Limeil"},"image":{"@id":"https:\/\/www.pflb.fr\/#\/schema\/logo\/image\/"}}]}},"_links":{"self":[{"href":"https:\/\/www.pflb.fr\/en\/wp-json\/wp\/v2\/pages\/1628"}],"collection":[{"href":"https:\/\/www.pflb.fr\/en\/wp-json\/wp\/v2\/pages"}],"about":[{"href":"https:\/\/www.pflb.fr\/en\/wp-json\/wp\/v2\/types\/page"}],"author":[{"embeddable":true,"href":"https:\/\/www.pflb.fr\/en\/wp-json\/wp\/v2\/users\/1"}],"replies":[{"embeddable":true,"href":"https:\/\/www.pflb.fr\/en\/wp-json\/wp\/v2\/comments?post=1628"}],"version-history":[{"count":17,"href":"https:\/\/www.pflb.fr\/en\/wp-json\/wp\/v2\/pages\/1628\/revisions"}],"predecessor-version":[{"id":1698,"href":"https:\/\/www.pflb.fr\/en\/wp-json\/wp\/v2\/pages\/1628\/revisions\/1698"}],"wp:attachment":[{"href":"https:\/\/www.pflb.fr\/en\/wp-json\/wp\/v2\/media?parent=1628"}],"curies":[{"name":"wp","href":"https:\/\/api.w.org\/{rel}","templated":true}]}}